{"id":8,"date":"2021-10-19T19:17:44","date_gmt":"2021-10-19T19:17:44","guid":{"rendered":"https:\/\/afg-dieklasse.de\/?page_id=8"},"modified":"2021-10-19T19:26:30","modified_gmt":"2021-10-19T19:26:30","slug":"start","status":"publish","type":"page","link":"https:\/\/afg-dieklasse.de\/","title":{"rendered":"Start"},"content":{"rendered":"\n<p>Hallo Ihr Lieben,<\/p>\n\n\n\n<p>wir gr\u00fc\u00dfen Euch herzlich.  Nun genie\u00dfen wir beide schon unseren Ruhestand &#8211; jeden Tag wieder neu.<\/p>\n\n\n\n<p>Aber wir erinnern uns auch gerne an \u00fcber 20 Jahre gemeinsamer Klassenf\u00fchrung an der AFG Havixbeck, an unsere vielen Sch\u00fclerinnen und Sch\u00fcler, an die Eltern &#8230;<\/p>\n\n\n\n<p class=\"has-medium-font-size\">Die Klassenseite tr\u00e4gt dazu bei. Deshalb lassen wir sie noch etwas im Netz.   <strong><a href=\"https:\/\/afg-dieklasse.de\/alt\">Klassenseite<\/a> <\/strong> <\/p>\n\n\n\n<p>Und wenn ihr mal auf der Seite ward und euch an die gemeinsame Schulzeit erinnert habt, dann schreibt uns doch mal oder ruft an. Dar\u00fcber freuen wir uns dann sehr.<\/p>\n\n\n\n<p>Gabriele Schneider und Robert H\u00fclsbusch <\/p>\n\n\n\n<figure class=\"wp-block-image size-full\"><img loading=\"lazy\" width=\"752\" height=\"459\" src=\"https:\/\/afg-dieklasse.de\/wp-content\/uploads\/2021\/10\/Gaby-Robert-1-1.jpg\" alt=\"\" class=\"wp-image-10\" srcset=\"https:\/\/afg-dieklasse.de\/wp-content\/uploads\/2021\/10\/Gaby-Robert-1-1.jpg 752w, https:\/\/afg-dieklasse.de\/wp-content\/uploads\/2021\/10\/Gaby-Robert-1-1-300x183.jpg 300w\" sizes=\"(max-width: 706px) 89vw, (max-width: 767px) 82vw, 740px\" \/><\/figure>\n","protected":false},"excerpt":{"rendered":"<p>Hallo Ihr Lieben, wir gr\u00fc\u00dfen Euch herzlich. Nun genie\u00dfen wir beide schon unseren Ruhestand &#8211; jeden Tag wieder neu. Aber wir erinnern uns auch gerne an \u00fcber 20 Jahre gemeinsamer Klassenf\u00fchrung an der AFG Havixbeck, an unsere vielen Sch\u00fclerinnen und Sch\u00fcler, an die Eltern &#8230; Die Klassenseite tr\u00e4gt dazu bei. Deshalb lassen wir sie noch &hellip; <\/p>\n<p class=\"link-more\"><a href=\"https:\/\/afg-dieklasse.de\/\" class=\"more-link\"><span class=\"screen-reader-text\">\u201eStart\u201c<\/span> weiterlesen<\/a><\/p>\n","protected":false},"author":1,"featured_media":0,"parent":0,"menu_order":0,"comment_status":"closed","ping_status":"closed","template":"","meta":[],"_links":{"self":[{"href":"https:\/\/afg-dieklasse.de\/index.php?rest_route=\/wp\/v2\/pages\/8"}],"collection":[{"href":"https:\/\/afg-dieklasse.de\/index.php?rest_route=\/wp\/v2\/pages"}],"about":[{"href":"https:\/\/afg-dieklasse.de\/index.php?rest_route=\/wp\/v2\/types\/page"}],"author":[{"embeddable":true,"href":"https:\/\/afg-dieklasse.de\/index.php?rest_route=\/wp\/v2\/users\/1"}],"replies":[{"embeddable":true,"href":"https:\/\/afg-dieklasse.de\/index.php?rest_route=%2Fwp%2Fv2%2Fcomments&post=8"}],"version-history":[{"count":2,"href":"https:\/\/afg-dieklasse.de\/index.php?rest_route=\/wp\/v2\/pages\/8\/revisions"}],"predecessor-version":[{"id":12,"href":"https:\/\/afg-dieklasse.de\/index.php?rest_route=\/wp\/v2\/pages\/8\/revisions\/12"}],"wp:attachment":[{"href":"https:\/\/afg-dieklasse.de\/index.php?rest_route=%2Fwp%2Fv2%2Fmedia&parent=8"}],"curies":[{"name":"wp","href":"https:\/\/api.w.org\/{rel}","templated":true}]}}